{"id":10241,"date":"2024-08-20T11:43:59","date_gmt":"2024-08-20T11:43:59","guid":{"rendered":"https:\/\/automobilesetcetera.com\/contact\/"},"modified":"2024-11-25T10:31:17","modified_gmt":"2024-11-25T10:31:17","slug":"contact","status":"publish","type":"page","link":"https:\/\/automobilesetcetera.com\/fr\/contact\/","title":{"rendered":"Contactez-nous"},"content":{"rendered":"\n  <div class=\"banner has-hover\" id=\"banner-781604740\">\n          <div class=\"banner-inner fill\">\n        <div class=\"banner-bg fill\" >\n            <img decoding=\"async\" width=\"2000\" height=\"714\" data-src=\"https:\/\/automobilesetcetera.com\/wp-content\/uploads\/2024\/08\/contact_banner.jpg\" class=\"bg attachment-original size-original lazyload\" alt=\"\" src=\"data:image\/svg+xml;base64,PHN2ZyB3aWR0aD0iMSIgaGVpZ2h0PSIxIiB4bWxucz0iaHR0cDovL3d3dy53My5vcmcvMjAwMC9zdmciPjwvc3ZnPg==\" style=\"--smush-placeholder-width: 2000px; --smush-placeholder-aspect-ratio: 2000\/714;\" \/>                                    \n                    <\/div>\n\t\t\n        <div class=\"banner-layers container\">\n            <div class=\"fill banner-link\"><\/div>            \n   <div id=\"text-box-2128807391\" class=\"text-box banner-layer x50 md-x50 lg-x50 y85 md-y80 lg-y80 res-text\">\n                                <div class=\"text-box-content text dark\">\n              \n              <div class=\"text-inner text-center\">\n                  \n<div class=\"row row-collapse\"  id=\"row-1642862785\">\n\n\t<div id=\"col-1033078376\" class=\"col small-12 large-12\"  >\n\t\t\t\t<div class=\"col-inner\"  >\n\t\t\t\n\t\t\t\n\t<div id=\"text-3265432825\" class=\"text custom-font-class hide-for-small\">\n\t\t\n<h3 class=\"uppercase\"><span style=\"font-family: termina;\">Contactez-nous<br \/><\/span><\/h3>\n\t\t\n<style>\n#text-3265432825 {\n  font-size: 1.5rem;\n  line-height: 1;\n}\n@media (min-width:550px) {\n  #text-3265432825 {\n    font-size: 1.75rem;\n  }\n}\n<\/style>\n\t<\/div>\n\t\n\t<div id=\"text-2166211539\" class=\"text custom-font-class show-for-small\">\n\t\t\n<h3 class=\"uppercase\"><span style=\"font-family: termina;\">Contactez-nous<br \/><\/span><\/h3>\n\t\t\n<style>\n#text-2166211539 {\n  font-size: 1rem;\n  line-height: 1;\n}\n@media (min-width:550px) {\n  #text-2166211539 {\n    font-size: 3rem;\n  }\n}\n<\/style>\n\t<\/div>\n\t\n\t\t<\/div>\n\t\t\t\t\t<\/div>\n\n\t\n<\/div>\n              <\/div>\n           <\/div>\n                            \n<style>\n#text-box-2128807391 {\n  width: 100%;\n}\n#text-box-2128807391 .text-box-content {\n  font-size: 100%;\n}\n@media (min-width:550px) {\n  #text-box-2128807391 {\n    width: 100%;\n  }\n}\n<\/style>\n    <\/div>\n \n        <\/div>\n      <\/div>\n\n            \n<style>\n#banner-781604740 {\n  padding-top: 300px;\n}\n#banner-781604740 .banner-bg img {\n  object-position: 85% 100%;\n}\n@media (min-width:550px) {\n  #banner-781604740 {\n    padding-top: 600px;\n  }\n}\n<\/style>\n  <\/div>\n\n\n\n\t<section class=\"section\" id=\"section_103312849\">\n\t\t<div class=\"section-bg fill\" >\n\t\t\t\t\t\t\t\t\t\n\t\t\t\n\n\t\t<\/div>\n\n\t\t\n\n\t\t<div class=\"section-content relative\">\n\t\t\t\n\t<div id=\"gap-69454367\" class=\"gap-element clearfix\" style=\"display:block; height:auto;\">\n\t\t\n<style>\n#gap-69454367 {\n  padding-top: 30px;\n}\n@media (min-width:550px) {\n  #gap-69454367 {\n    padding-top: 80px;\n  }\n}\n<\/style>\n\t<\/div>\n\t\n<div class=\"row\" style=\"max-width:1300px\" id=\"row-61514589\">\n\n\t<div id=\"col-2053900958\" class=\"col medium-6 small-12 large-6\"  >\n\t\t\t\t<div class=\"col-inner\"  >\n\t\t\t\n\t\t\t\n<div class=\"row row-collapse\"  id=\"row-1808494571\">\n\n\t<div id=\"col-1788806933\" class=\"col medium-10 small-12 large-10\"  >\n\t\t\t\t<div class=\"col-inner\"  >\n\t\t\t\n\t\t\t\n\t<div class=\"img has-hover x md-x lg-x y md-y lg-y\" id=\"image_1941306517\">\n\t\t\t\t\t\t\t\t<div class=\"img-inner dark\" >\n\t\t\t<img decoding=\"async\" width=\"1500\" height=\"999\" data-src=\"https:\/\/automobilesetcetera.com\/wp-content\/uploads\/2024\/08\/automobiles_etcetera_contact.jpg\" class=\"attachment-original size-original lazyload\" alt=\"\" data-srcset=\"https:\/\/automobilesetcetera.com\/wp-content\/uploads\/2024\/08\/automobiles_etcetera_contact.jpg 1500w, https:\/\/automobilesetcetera.com\/wp-content\/uploads\/2024\/08\/automobiles_etcetera_contact-600x400.jpg 600w, https:\/\/automobilesetcetera.com\/wp-content\/uploads\/2024\/08\/automobiles_etcetera_contact-300x200.jpg 300w, https:\/\/automobilesetcetera.com\/wp-content\/uploads\/2024\/08\/automobiles_etcetera_contact-768x511.jpg 768w, https:\/\/automobilesetcetera.com\/wp-content\/uploads\/2024\/08\/automobiles_etcetera_contact-1024x682.jpg 1024w\" data-sizes=\"(max-width: 1500px) 100vw, 1500px\" src=\"data:image\/svg+xml;base64,PHN2ZyB3aWR0aD0iMSIgaGVpZ2h0PSIxIiB4bWxucz0iaHR0cDovL3d3dy53My5vcmcvMjAwMC9zdmciPjwvc3ZnPg==\" style=\"--smush-placeholder-width: 1500px; --smush-placeholder-aspect-ratio: 1500\/999;\" \/>\t\t\t\t\t\t\n\t\t\t\t\t<\/div>\n\t\t\t\t\t\t\t\t\n<style>\n#image_1941306517 {\n  width: 100%;\n}\n<\/style>\n\t<\/div>\n\t\n\t\t<\/div>\n\t\t\t\t\n<style>\n#col-1788806933 > .col-inner {\n  padding: 0px 0px 20px 0px;\n}\n@media (min-width:550px) {\n  #col-1788806933 > .col-inner {\n    padding: 0px 0px 40px 0px;\n  }\n}\n<\/style>\n\t<\/div>\n\n\t\n\n\t<div id=\"col-126938247\" class=\"col medium-10 small-12 large-10\"  >\n\t\t\t\t<div class=\"col-inner\"  >\n\t\t\t\n\t\t\t\n\t<div id=\"text-1449932154\" class=\"text\">\n\t\t\n<p>Si vous \u00eates int\u00e9ress\u00e9 \u00e0 consulter notre inventaire ou \u00e0 fixer un rendez-vous avec un membre de notre \u00e9quipe de vente, veuillez remplir le formulaire ci-dessous pour que nous puissions vous accueillir convenablement.<\/p>\n\t\t\n<style>\n#text-1449932154 {\n  font-size: 1rem;\n  line-height: 2;\n  color: rgb(209, 209, 209);\n}\n#text-1449932154 > * {\n  color: rgb(209, 209, 209);\n}\n<\/style>\n\t<\/div>\n\t\n\t\t<\/div>\n\t\t\t\t\t<\/div>\n\n\t\n\n\t<div id=\"col-615186106\" class=\"col medium-10 small-12 large-10\"  >\n\t\t\t\t<div class=\"col-inner\"  >\n\t\t\t\n\t\t\t\n\n\t<a class=\"plain\" href=\"tel:%20+1%20514-852-2886\" >\t<div class=\"icon-box featured-box icon-box-left text-left\"  >\n\t\t\t\t\t<div class=\"icon-box-img\" style=\"width: 25px\">\n\t\t\t\t<div class=\"icon\">\n\t\t\t\t\t<div class=\"icon-inner\" style=\"color:rgb(255, 255, 255);\">\n\t\t\t\t\t\t<svg width=\"20\" height=\"20\" viewBox=\"0 0 20 20\" fill=\"none\" xmlns=\"http:\/\/www.w3.org\/2000\/svg\">\n<path d=\"M4.02222 8.65556C5.62222 11.8 8.2 14.3667 11.3444 15.9778L13.7889 13.5333C14.0889 13.2333 14.5333 13.1333 14.9222 13.2667C16.1667 13.6778 17.5111 13.9 18.8889 13.9C19.5 13.9 20 14.4 20 15.0111V18.8889C20 19.5 19.5 20 18.8889 20C8.45556 20 0 11.5444 0 1.11111C0 0.5 0.5 0 1.11111 0H5C5.61111 0 6.11111 0.5 6.11111 1.11111C6.11111 2.5 6.33333 3.83333 6.74444 5.07778C6.86667 5.46667 6.77778 5.9 6.46667 6.21111L4.02222 8.65556Z\" fill=\"white\"\/>\n<\/svg>\n\t\t\t\t\t<\/div>\n\t\t\t\t<\/div>\n\t\t\t<\/div>\n\t\t\t\t<div class=\"icon-box-text last-reset\">\n\t\t\t\t\t\t\t\t\t\n\t<div id=\"text-3573481653\" class=\"text\">\n\t\t\n<p>+1 514-852-2886<\/p>\n\t\t\n<style>\n#text-3573481653 {\n  color: rgb(255,255,255);\n}\n#text-3573481653 > * {\n  color: rgb(255,255,255);\n}\n<\/style>\n\t<\/div>\n\t\n\t\t<\/div>\n\t<\/div>\n\t<\/a>\n\t\n\t\t<\/div>\n\t\t\t\t\n<style>\n#col-615186106 > .col-inner {\n  padding: 0px 0px 10px 0px;\n}\n<\/style>\n\t<\/div>\n\n\t\n\n\t<div id=\"col-1868985497\" class=\"col medium-10 small-12 large-10\"  >\n\t\t\t\t<div class=\"col-inner\"  >\n\t\t\t\n\t\t\t\n\n\t<a class=\"plain\" href=\"https:\/\/g.co\/kgs\/wujLL5M\" target=\"_blank\" rel=\"noopener\" >\t<div class=\"icon-box featured-box icon-box-left text-left\"  >\n\t\t\t\t\t<div class=\"icon-box-img\" style=\"width: 20px\">\n\t\t\t\t<div class=\"icon\">\n\t\t\t\t\t<div class=\"icon-inner\" style=\"color:rgb(255, 255, 255);\">\n\t\t\t\t\t\t<svg width=\"15\" height=\"20\" viewBox=\"0 0 15 20\" fill=\"none\" xmlns=\"http:\/\/www.w3.org\/2000\/svg\">\n<path d=\"M7.5 9.5C6.7896 9.5 6.10829 9.23661 5.60596 8.76777C5.10363 8.29893 4.82143 7.66304 4.82143 7C4.82143 6.33696 5.10363 5.70107 5.60596 5.23223C6.10829 4.76339 6.7896 4.5 7.5 4.5C8.2104 4.5 8.89171 4.76339 9.39404 5.23223C9.89637 5.70107 10.1786 6.33696 10.1786 7C10.1786 7.3283 10.1093 7.65339 9.97468 7.95671C9.84007 8.26002 9.64276 8.53562 9.39404 8.76777C9.14531 8.99991 8.85002 9.18406 8.52505 9.3097C8.20007 9.43534 7.85175 9.5 7.5 9.5ZM7.5 0C5.51088 0 3.60322 0.737498 2.1967 2.05025C0.790176 3.36301 0 5.14348 0 7C0 12.25 7.5 20 7.5 20C7.5 20 15 12.25 15 7C15 5.14348 14.2098 3.36301 12.8033 2.05025C11.3968 0.737498 9.48912 0 7.5 0Z\" fill=\"white\"\/>\n<\/svg>\n\t\t\t\t\t<\/div>\n\t\t\t\t<\/div>\n\t\t\t<\/div>\n\t\t\t\t<div class=\"icon-box-text last-reset\">\n\t\t\t\t\t\t\t\t\t\n\t<div id=\"text-168503619\" class=\"text\">\n\t\t\n<p>5760, Chemin de la C\u00f4te-de-Liesse Mount-Royal,\u2028<br \/>QC H4T 1B1 Canada<\/p>\n\t\t\n<style>\n#text-168503619 {\n  color: rgb(255,255,255);\n}\n#text-168503619 > * {\n  color: rgb(255,255,255);\n}\n<\/style>\n\t<\/div>\n\t\n\t\t<\/div>\n\t<\/div>\n\t<\/a>\n\t\n\n<ul id=\"\" class=\"cnss-social-icon \" style=\"text-align:left; text-align:-webkit-left; align-self:start; margin: 0 auto;\">\t\t<li class=\"cn-fa-facebook\" style=\"display:inline-block;\"><a class=\"\" target=\"_blank\" href=\"https:\/\/www.facebook.com\/p\/Automobiles-Etcetera-100063635407256\/\" title=\"Facebook\" style=\"\" rel=\"noopener\"><img decoding=\"async\" data-src=\"https:\/\/automobilesetcetera.com\/wp-content\/uploads\/2024\/08\/fb_r.png\" border=\"0\" width=\"35\" height=\"35\" alt=\"Facebook\" title=\"Facebook\" style=\"--smush-placeholder-width: 35px; --smush-placeholder-aspect-ratio: 35\/35;margin:5px;\" src=\"data:image\/svg+xml;base64,PHN2ZyB3aWR0aD0iMSIgaGVpZ2h0PSIxIiB4bWxucz0iaHR0cDovL3d3dy53My5vcmcvMjAwMC9zdmciPjwvc3ZnPg==\" class=\"lazyload\" \/><\/a><\/li>\t\t<li class=\"cn-fa-instagram\" style=\"display:inline-block;\"><a class=\"\" target=\"_blank\" href=\"https:\/\/www.instagram.com\/automobilesetcetera\/\" title=\"Instagram\" style=\"\" rel=\"noopener\"><img decoding=\"async\" data-src=\"https:\/\/automobilesetcetera.com\/wp-content\/uploads\/2024\/08\/insta_r.png\" border=\"0\" width=\"35\" height=\"35\" alt=\"Instagram\" title=\"Instagram\" style=\"--smush-placeholder-width: 35px; --smush-placeholder-aspect-ratio: 35\/35;margin:5px;\" src=\"data:image\/svg+xml;base64,PHN2ZyB3aWR0aD0iMSIgaGVpZ2h0PSIxIiB4bWxucz0iaHR0cDovL3d3dy53My5vcmcvMjAwMC9zdmciPjwvc3ZnPg==\" class=\"lazyload\" \/><\/a><\/li>\t\t<li class=\"cn-fa-youtube\" style=\"display:inline-block;\"><a class=\"\" target=\"_blank\" href=\"https:\/\/www.youtube.com\/@automobilesetcetera\" title=\"YouTube\" style=\"\" rel=\"noopener\"><img decoding=\"async\" data-src=\"https:\/\/automobilesetcetera.com\/wp-content\/uploads\/2024\/08\/yt_r.png\" border=\"0\" width=\"35\" height=\"35\" alt=\"YouTube\" title=\"YouTube\" style=\"--smush-placeholder-width: 35px; --smush-placeholder-aspect-ratio: 35\/35;margin:5px;\" src=\"data:image\/svg+xml;base64,PHN2ZyB3aWR0aD0iMSIgaGVpZ2h0PSIxIiB4bWxucz0iaHR0cDovL3d3dy53My5vcmcvMjAwMC9zdmciPjwvc3ZnPg==\" class=\"lazyload\" \/><\/a><\/li>\t\t<li class=\"cn-fa-meta\" style=\"display:inline-block;\"><a class=\"\" target=\"_blank\" href=\"#\" title=\"Meta\" style=\"\"><img decoding=\"async\" data-src=\"https:\/\/automobilesetcetera.com\/wp-content\/uploads\/2024\/08\/r.png\" border=\"0\" width=\"35\" height=\"35\" alt=\"Meta\" title=\"Meta\" style=\"--smush-placeholder-width: 35px; --smush-placeholder-aspect-ratio: 35\/35;margin:5px;\" src=\"data:image\/svg+xml;base64,PHN2ZyB3aWR0aD0iMSIgaGVpZ2h0PSIxIiB4bWxucz0iaHR0cDovL3d3dy53My5vcmcvMjAwMC9zdmciPjwvc3ZnPg==\" class=\"lazyload\" \/><\/a><\/li>\t\t<li class=\"cn-fa-linkedin\" style=\"display:inline-block;\"><a class=\"\" target=\"_blank\" href=\"https:\/\/ca.linkedin.com\/company\/automobiles-etcetera\" title=\"LinkedIn\" style=\"\" rel=\"noopener\"><img decoding=\"async\" data-src=\"https:\/\/automobilesetcetera.com\/wp-content\/uploads\/2024\/08\/linkedin_r.png\" border=\"0\" width=\"35\" height=\"35\" alt=\"LinkedIn\" title=\"LinkedIn\" style=\"--smush-placeholder-width: 35px; --smush-placeholder-aspect-ratio: 35\/35;margin:5px;\" src=\"data:image\/svg+xml;base64,PHN2ZyB3aWR0aD0iMSIgaGVpZ2h0PSIxIiB4bWxucz0iaHR0cDovL3d3dy53My5vcmcvMjAwMC9zdmciPjwvc3ZnPg==\" class=\"lazyload\" \/><\/a><\/li><\/ul>\r\n\t\r\n\t\n\n\t\t<\/div>\n\t\t\t\t\t<\/div>\n\n\t\n<\/div>\n\t\t<\/div>\n\t\t\t\t\n<style>\n#col-2053900958 > .col-inner {\n  margin: 0px 0px 0px 0px;\n}\n<\/style>\n\t<\/div>\n\n\t\n\n\t<div id=\"col-294246711\" class=\"col medium-6 small-12 large-6\"  >\n\t\t\t\t<div class=\"col-inner\" style=\"background-color:rgb(255,255,255);\" >\n\t\t\t\n\t\t\t\n\n<div class=\"wpcf7 no-js\" id=\"wpcf7-f11251-o1\" lang=\"fr-FR\" dir=\"ltr\" data-wpcf7-id=\"11251\">\n<div class=\"screen-reader-response\"><p role=\"status\" aria-live=\"polite\" aria-atomic=\"true\"><\/p> <ul><\/ul><\/div>\n<form action=\"\/fr\/wp-json\/wp\/v2\/pages\/10241#wpcf7-f11251-o1\" method=\"post\" class=\"wpcf7-form init\" aria-label=\"Formulaire de contact\" novalidate=\"novalidate\" data-status=\"init\">\n<fieldset class=\"hidden-fields-container\"><input type=\"hidden\" name=\"_wpcf7\" value=\"11251\" \/><input type=\"hidden\" name=\"_wpcf7_version\" value=\"6.1.5\" \/><input type=\"hidden\" name=\"_wpcf7_locale\" value=\"fr_FR\" \/><input type=\"hidden\" name=\"_wpcf7_unit_tag\" value=\"wpcf7-f11251-o1\" \/><input type=\"hidden\" name=\"_wpcf7_container_post\" value=\"0\" \/><input type=\"hidden\" name=\"_wpcf7_posted_data_hash\" value=\"\" \/><input type=\"hidden\" name=\"_wpcf7_recaptcha_response\" value=\"\" \/>\n<\/fieldset>\n\t\t\t\t<style>\n\t\t\t\t\t.uacf7-uacf7style-11251 label {\n\t\t\t\t\t\tcolor: #091a2c;font-family: Barlow, sans-serif;font-style: normal;font-weight: 500;\t\t\t\t\t}\n\n\t\t\t\t\t.uacf7-uacf7style-11251 input[type=\"email\"],\n\t\t\t\t\t.uacf7-uacf7style-11251 input[type=\"number\"],\n\t\t\t\t\t.uacf7-uacf7style-11251 input[type=\"password\"],\n\t\t\t\t\t.uacf7-uacf7style-11251 input[type=\"search\"],\n\t\t\t\t\t.uacf7-uacf7style-11251 input[type=\"tel\"],\n\t\t\t\t\t.uacf7-uacf7style-11251 input[type=\"text\"],\n\t\t\t\t\t.uacf7-uacf7style-11251 input[type=\"url\"],\n\t\t\t\t\t.uacf7-uacf7style-11251 input[type=\"date\"],\n\t\t\t\t\t.uacf7-uacf7style-11251 input[type=\"radio\"],\n\t\t\t\t\t.uacf7-uacf7style-11251 input[type=\"checkbox\"],\n\t\t\t\t\t.uacf7-uacf7style-11251 select,\n\t\t\t\t\t.uacf7-uacf7style-11251 textarea {\n\t\t\t\t\t\tcolor: #a2a9b0;font-size: 16px;font-family: Barlow, sans-serif;font-style: normal;font-weight: normal;border-style: solid!important;\t\t\t\t\t}\n\n\t\t\t\t\t.uacf7-uacf7style-11251 .wpcf7-radio span,\n\t\t\t\t\t.uacf7-uacf7style-11251 .wpcf7-checkbox span {\n\t\t\t\t\t\tcolor: #a2a9b0;font-size: 16px;font-family: Barlow, sans-serif;font-style: normal;font-weight: normal;\t\t\t\t\t}\n\n\t\t\t\t\t.uacf7-uacf7style-11251 textarea {\n\t\t\t\t\t\t\t\t\t\t\t}\n\n\t\t\t\t\t.wpcf7-form-control-wrap select {\n\t\t\t\t\t\twidth: 100%;\n\t\t\t\t\t}\n\n\t\t\t\t\t.uacf7-uacf7style-11251 input[type=\"submit\"] {\n\t\t\t\t\t\tfont-family: Barlow, sans-serif;font-style: normal;font-weight: normal;border-style: none;padding-top: 8px;padding-right: 40px;padding-bottom: 8px;padding-left: 40px;\t\t\t\t\t}\n\n\t\t\t\t\t.uacf7-uacf7style-11251 input[type=\"submit\"]:hover {\n\t\t\t\t\t\t\t\t\t\t\t}\n\n\t\t\t\t\tinput.wpcf7-form-control.wpcf7-submit {\r\n   display: block;\r\n   margin: 0 auto;\r\n}\r\n\r\n.uacf7-uacf7style-11251 input[type=\"text\"], .uacf7-uacf7style-11251 input[type=\"email\"], .uacf7-uacf7style-11251 input[type=\"tel\"], .uacf7-uacf7style-11251 textarea {\r\n\t\r\nmargin-top: 12px;\r\n\t\r\n}\r\n\r\n.wpcf7 input.wpcf7-text {\r\n    padding: 25px;\r\n}\r\n\r\n.wpcf7 textarea.wpcf7-textarea {\r\n    padding: 25px;\r\n}\t\t\t\t<\/style>\n\n\t\t\t\t<div class=\"uacf7-uacf7style uacf7-uacf7style-11251\">\t\t\t\t<style>\n\t\t\t\t\t.uacf7-form-11251\t\t\t\t\t::placeholder {\n\t\t\t\t\t\tcolor:\n\t\t\t\t\t\t\t#a2a9b0\t\t\t\t\t\t;\n\t\t\t\t\t\tbackground-color:\n\t\t\t\t\t\t\t\t\t\t\t\t\t;\n\t\t\t\t\t\tfont-size:\n\t\t\t\t\t\t\tpx\t\t\t\t\t\t;\n\t\t\t\t\t\tfont-family:\n\t\t\t\t\t\t\tBarlow, sans-serif\t\t\t\t\t\t;\n\t\t\t\t\t\tfont-style:\n\t\t\t\t\t\t\tnormal\t\t\t\t\t\t;\n\t\t\t\t\t\tfont-weight:\n\t\t\t\t\t\t\t500\t\t\t\t\t\t;\n\t\t\t\t\t}\n\n\t\t\t\t\t.uacf7-form-\n\n\t\t\t\t\t11251\t\t\t\t\t::-webkit-input-placeholder {\n\t\t\t\t\t\t\/* Edge *\/\n\t\t\t\t\t\tcolor:\n\t\t\t\t\t\t\t#a2a9b0\t\t\t\t\t\t;\n\t\t\t\t\t\tbackground-color:\n\t\t\t\t\t\t\t\t\t\t\t\t\t;\n\t\t\t\t\t\tfont-size:\n\t\t\t\t\t\t\tpx\t\t\t\t\t\t;\n\t\t\t\t\t\tfont-family:\n\t\t\t\t\t\t\tBarlow, sans-serif\t\t\t\t\t\t;\n\t\t\t\t\t\tfont-style:\n\t\t\t\t\t\t\tnormal\t\t\t\t\t\t;\n\t\t\t\t\t\tfont-weight:\n\t\t\t\t\t\t\t500\t\t\t\t\t\t;\n\t\t\t\t\t}\n\n\t\t\t\t\t.uacf7-form-\n\n\t\t\t\t\t11251\t\t\t\t\t:-ms-input-placeholder {\n\t\t\t\t\t\t\/* Internet Explorer 10-11 *\/\n\t\t\t\t\t\tcolor:\n\t\t\t\t\t\t\t#a2a9b0\t\t\t\t\t\t;\n\t\t\t\t\t\tbackground-color:\n\t\t\t\t\t\t\t\t\t\t\t\t\t;\n\t\t\t\t\t\tfont-size:\n\t\t\t\t\t\t\tpx\t\t\t\t\t\t;\n\t\t\t\t\t\tfont-family:\n\t\t\t\t\t\t\tBarlow, sans-serif\t\t\t\t\t\t;\n\t\t\t\t\t\tfont-style:\n\t\t\t\t\t\t\tnormal\t\t\t\t\t\t;\n\t\t\t\t\t\tfont-weight:\n\t\t\t\t\t\t\t500\t\t\t\t\t\t;\n\t\t\t\t\t}\n\t\t\t\t<\/style>\n\t\t\t\t<div class=\"uacf7-form-wrapper-container uacf7-form-11251  uacf7-uacf7style uacf7-uacf7style-11251\"><div class=\"uacf7-row\"><div class=\"uacf7-col-6\"><label>Nom <span class=\"wpcf7-form-control-wrap\" data-name=\"cus-name\"><input size=\"40\" maxlength=\"400\" class=\"wpcf7-form-control wpcf7-text wpcf7-validates-as-required\" aria-required=\"true\" aria-invalid=\"false\" placeholder=\"John...\" value=\"\" type=\"text\" name=\"cus-name\" \/><\/span> <\/label><\/div><div class=\"uacf7-col-6\"><label><label> T\u00e9l\u00e9phone <span class=\"wpcf7-form-control-wrap\" data-name=\"cus-phone\"><input size=\"40\" maxlength=\"400\" class=\"wpcf7-form-control wpcf7-tel wpcf7-validates-as-required wpcf7-text wpcf7-validates-as-tel\" aria-required=\"true\" aria-invalid=\"false\" placeholder=\"xxx-xxx-xxxx\" value=\"\" type=\"tel\" name=\"cus-phone\" \/><\/span> <\/label><\/label><\/div><\/div>\n\n<label> Adresse courriel <span class=\"wpcf7-form-control-wrap\" data-name=\"email-address\"><input size=\"40\" maxlength=\"400\" class=\"wpcf7-form-control wpcf7-email wpcf7-validates-as-required wpcf7-text wpcf7-validates-as-email\" autocomplete=\"email\" aria-required=\"true\" aria-invalid=\"false\" placeholder=\"xyz@example.com\" value=\"\" type=\"email\" name=\"email-address\" \/><\/span> <\/label>\n\n<label> Messages\n    <span class=\"wpcf7-form-control-wrap\" data-name=\"sub-message\"><textarea cols=\"40\" rows=\"10\" maxlength=\"2000\" class=\"wpcf7-form-control wpcf7-textarea\" aria-invalid=\"false\" placeholder=\"\u00c9crivez votre message ici\" name=\"sub-message\"><\/textarea><\/span> <\/label>\n\n<input class=\"wpcf7-form-control wpcf7-hidden\" value=\"\" type=\"hidden\" name=\"page-title\" \/>\n\n<span class=\"wpcf7-form-control-wrap\" data-name=\"consent\"><span class=\"wpcf7-form-control wpcf7-checkbox wpcf7-validates-as-required\"><span class=\"wpcf7-list-item first last\"><input type=\"checkbox\" name=\"consent[]\" value=\"J&#039;accepte de recevoir des offres p\u00e9riodiques, des bulletins d&#039;information, ainsi que des mises \u00e0 jour sur la s\u00e9curit\u00e9 et les rappels de la concession. Le consentement peut \u00eatre retir\u00e9 \u00e0 tout moment.\" checked=\"checked\" \/><span class=\"wpcf7-list-item-label\">J&#039;accepte de recevoir des offres p\u00e9riodiques, des bulletins d&#039;information, ainsi que des mises \u00e0 jour sur la s\u00e9curit\u00e9 et les rappels de la concession. Le consentement peut \u00eatre retir\u00e9 \u00e0 tout moment.<\/span><\/span><\/span><\/span>\n\n<input class=\"wpcf7-form-control wpcf7-submit has-spinner\" type=\"submit\" value=\"Soumettre maintenant\" \/><\/div><\/div><input type='hidden' class='wpcf7-pum' value='{\"closepopup\":false,\"closedelay\":0,\"openpopup\":false,\"openpopup_id\":0}' \/><div class=\"wpcf7-response-output\" aria-hidden=\"true\"><\/div>\n<\/form>\n<\/div>\n\n\t\t<\/div>\n\t\t\t\t\n<style>\n#col-294246711 > .col-inner {\n  padding: 20px 20px 40px 20px;\n}\n@media (min-width:550px) {\n  #col-294246711 > .col-inner {\n    padding: 40px 40px 40px 40px;\n  }\n}\n<\/style>\n\t<\/div>\n\n\t\n<\/div>\n\t<div id=\"gap-56231474\" class=\"gap-element clearfix\" style=\"display:block; height:auto;\">\n\t\t\n<style>\n#gap-56231474 {\n  padding-top: 30px;\n}\n@media (min-width:550px) {\n  #gap-56231474 {\n    padding-top: 60px;\n  }\n}\n<\/style>\n\t<\/div>\n\t\n\t\t<\/div>\n\n\t\t\n<style>\n#section_103312849 {\n  padding-top: 0px;\n  padding-bottom: 0px;\n  background-color: rgb(0,0,0);\n}\n<\/style>\n\t<\/section>\n\t\n\n\t<section class=\"section\" id=\"section_1225173041\">\n\t\t<div class=\"section-bg fill\" >\n\t\t\t\t\t\t\t\t\t\n\t\t\t\n\n\t\t<\/div>\n\n\t\t\n\n\t\t<div class=\"section-content relative\">\n\t\t\t\n\n<p><iframe data-src=\"https:\/\/snazzymaps.com\/embed\/633449\" width=\"100%\" height=\"600px\" style=\"border:none;\" src=\"data:image\/svg+xml;base64,PHN2ZyB3aWR0aD0iMSIgaGVpZ2h0PSIxIiB4bWxucz0iaHR0cDovL3d3dy53My5vcmcvMjAwMC9zdmciPjwvc3ZnPg==\" class=\"lazyload\" data-load-mode=\"1\"><\/iframe><br \/>\n\n\t\t<\/div>\n\n\t\t\n<style>\n#section_1225173041 {\n  padding-top: 0px;\n  padding-bottom: 0px;\n}\n<\/style>\n\t<\/section>\n\t\n\n\t<section class=\"section\" id=\"section_1253778062\">\n\t\t<div class=\"section-bg fill\" >\n\t\t\t\t\t\t\t\t\t\n\t\t\t\n\n\t\t<\/div>\n\n\t\t\n\n\t\t<div class=\"section-content relative\">\n\t\t\t\n\t<div id=\"gap-1842925945\" class=\"gap-element clearfix\" style=\"display:block; height:auto;\">\n\t\t\n<style>\n#gap-1842925945 {\n  padding-top: 30px;\n}\n@media (min-width:550px) {\n  #gap-1842925945 {\n    padding-top: 90px;\n  }\n}\n<\/style>\n\t<\/div>\n\t\n<div class=\"row align-center\" style=\"max-width:1300px\" id=\"row-1131151595\">\n\n\t<div id=\"col-858562758\" class=\"col small-12 large-12\"  >\n\t\t\t\t<div class=\"col-inner\"  >\n\t\t\t\n\t\t\t\n\t<div id=\"text-3343589003\" class=\"text custom-font-class\">\n\t\t\n<h3 class=\"uppercase\"><span style=\"font-family: termina;\">Abonnez-vous \u00e0 notre newsletter<br \/><\/span><\/h3>\n\t\t\n<style>\n#text-3343589003 {\n  font-size: 1.5rem;\n  line-height: 1;\n  text-align: center;\n}\n@media (min-width:550px) {\n  #text-3343589003 {\n    font-size: 2rem;\n    text-align: center;\n  }\n}\n<\/style>\n\t<\/div>\n\t\n\t\t<\/div>\n\t\t\t\t\t<\/div>\n\n\t\n\n\t<div id=\"col-1480346483\" class=\"col medium-7 small-12 large-7\"  >\n\t\t\t\t<div class=\"col-inner\"  >\n\t\t\t\n\t\t\t\n\t<div id=\"text-3644676474\" class=\"text\">\n\t\t\n<p>Alimentez votre passion pour les voitures avec notre newsletter. Obtenez un acc\u00e8s exclusif aux coulisses, les derni\u00e8res nouvelles, et devenez un initi\u00e9\u2014tout cela directement dans votre bo\u00eete de r\u00e9ception. Cliquez sur s&rsquo;abonner et gardez votre moteur en marche !<\/p>\n\t\t\n<style>\n#text-3644676474 {\n  text-align: center;\n}\n<\/style>\n\t<\/div>\n\t\n\t\t<\/div>\n\t\t\t\t\t<\/div>\n\n\t\n\n\t<div id=\"col-240573943\" class=\"col medium-9 small-12 large-9\"  >\n\t\t\t\t<div class=\"col-inner\"  >\n\t\t\t\n\t\t\t\n\n<div class=\"wpcf7 no-js\" id=\"wpcf7-f11253-o2\" lang=\"fr-FR\" dir=\"ltr\" data-wpcf7-id=\"11253\">\n<div class=\"screen-reader-response\"><p role=\"status\" aria-live=\"polite\" aria-atomic=\"true\"><\/p> <ul><\/ul><\/div>\n<form action=\"\/fr\/wp-json\/wp\/v2\/pages\/10241#wpcf7-f11253-o2\" method=\"post\" class=\"wpcf7-form init\" aria-label=\"Formulaire de contact\" novalidate=\"novalidate\" data-status=\"init\">\n<fieldset class=\"hidden-fields-container\"><input type=\"hidden\" name=\"_wpcf7\" value=\"11253\" \/><input type=\"hidden\" name=\"_wpcf7_version\" value=\"6.1.5\" \/><input type=\"hidden\" name=\"_wpcf7_locale\" value=\"fr_FR\" \/><input type=\"hidden\" name=\"_wpcf7_unit_tag\" value=\"wpcf7-f11253-o2\" \/><input type=\"hidden\" name=\"_wpcf7_container_post\" value=\"0\" \/><input type=\"hidden\" name=\"_wpcf7_posted_data_hash\" value=\"\" \/><input type=\"hidden\" name=\"_wpcf7_recaptcha_response\" value=\"\" \/>\n<\/fieldset>\n<div class=\"uacf7-form-wrapper-container uacf7-form-11253  \"><div class=\"custom-subscribe-form\">\n    <span class=\"wpcf7-form-control-wrap\" data-name=\"full-name\"><input size=\"40\" maxlength=\"400\" class=\"wpcf7-form-control wpcf7-text wpcf7-validates-as-required\" aria-required=\"true\" aria-invalid=\"false\" placeholder=\"Nom complet\" value=\"\" type=\"text\" name=\"full-name\" \/><\/span>\n    <span class=\"wpcf7-form-control-wrap\" data-name=\"email-address\"><input size=\"40\" maxlength=\"400\" class=\"wpcf7-form-control wpcf7-email wpcf7-validates-as-required wpcf7-text wpcf7-validates-as-email\" aria-required=\"true\" aria-invalid=\"false\" placeholder=\"Adresse courriel\" value=\"\" type=\"email\" name=\"email-address\" \/><\/span>\n    <input class=\"wpcf7-form-control wpcf7-submit has-spinner\" type=\"submit\" value=\"ABONNEZ-VOUS MAINTENANT\" \/>\n<\/div><\/div><input type='hidden' class='wpcf7-pum' value='{\"closepopup\":false,\"closedelay\":0,\"openpopup\":false,\"openpopup_id\":0}' \/><div class=\"wpcf7-response-output\" aria-hidden=\"true\"><\/div>\n<\/form>\n<\/div>\n\n\t\t<\/div>\n\t\t\t\t\t<\/div>\n\n\t\n<\/div>\n\t<div id=\"gap-1074930768\" class=\"gap-element clearfix\" style=\"display:block; height:auto;\">\n\t\t\n<style>\n#gap-1074930768 {\n  padding-top: 30px;\n}\n@media (min-width:550px) {\n  #gap-1074930768 {\n    padding-top: 60px;\n  }\n}\n<\/style>\n\t<\/div>\n\t\n\t\t<\/div>\n\n\t\t\n<style>\n#section_1253778062 {\n  padding-top: 0px;\n  padding-bottom: 0px;\n  background-color: rgb(242, 242, 242);\n}\n<\/style>\n\t<\/section>\n\t\n","protected":false},"excerpt":{"rendered":"","protected":false},"author":3,"featured_media":0,"parent":0,"menu_order":79,"comment_status":"closed","ping_status":"closed","template":"page-blank.php","meta":{"_acf_changed":false,"inline_featured_image":false,"footnotes":""},"page_category":[],"folder":[33],"class_list":["post-10241","page","type-page","status-publish","hentry"],"acf":[],"_links":{"self":[{"href":"https:\/\/automobilesetcetera.com\/fr\/wp-json\/wp\/v2\/pages\/10241","targetHints":{"allow":["GET"]}}],"collection":[{"href":"https:\/\/automobilesetcetera.com\/fr\/wp-json\/wp\/v2\/pages"}],"about":[{"href":"https:\/\/automobilesetcetera.com\/fr\/wp-json\/wp\/v2\/types\/page"}],"author":[{"embeddable":true,"href":"https:\/\/automobilesetcetera.com\/fr\/wp-json\/wp\/v2\/users\/3"}],"replies":[{"embeddable":true,"href":"https:\/\/automobilesetcetera.com\/fr\/wp-json\/wp\/v2\/comments?post=10241"}],"version-history":[{"count":5,"href":"https:\/\/automobilesetcetera.com\/fr\/wp-json\/wp\/v2\/pages\/10241\/revisions"}],"predecessor-version":[{"id":12349,"href":"https:\/\/automobilesetcetera.com\/fr\/wp-json\/wp\/v2\/pages\/10241\/revisions\/12349"}],"wp:attachment":[{"href":"https:\/\/automobilesetcetera.com\/fr\/wp-json\/wp\/v2\/media?parent=10241"}],"wp:term":[{"taxonomy":"page_category","embeddable":true,"href":"https:\/\/automobilesetcetera.com\/fr\/wp-json\/wp\/v2\/page_category?post=10241"},{"taxonomy":"folder","embeddable":true,"href":"https:\/\/automobilesetcetera.com\/fr\/wp-json\/wp\/v2\/folder?post=10241"}],"curies":[{"name":"wp","href":"https:\/\/api.w.org\/{rel}","templated":true}]}}