{"id":10164,"date":"2024-09-06T08:42:38","date_gmt":"2024-09-06T08:42:38","guid":{"rendered":"https:\/\/automobilesetcetera.com\/previously-handled\/"},"modified":"2025-01-03T15:25:37","modified_gmt":"2025-01-03T15:25:37","slug":"deja-traitees","status":"publish","type":"page","link":"https:\/\/automobilesetcetera.com\/fr\/deja-traitees\/","title":{"rendered":"V\u00e9hicules D\u00e9j\u00e0 Vendus"},"content":{"rendered":"\n  <div class=\"banner has-hover\" id=\"banner-495424172\">\n          <div class=\"banner-inner fill\">\n        <div class=\"banner-bg fill\" >\n            <img decoding=\"async\" width=\"2000\" height=\"714\" data-src=\"https:\/\/automobilesetcetera.com\/wp-content\/uploads\/2024\/09\/ph_banner.jpg\" class=\"bg attachment-original size-original lazyload\" alt=\"\" src=\"data:image\/svg+xml;base64,PHN2ZyB3aWR0aD0iMSIgaGVpZ2h0PSIxIiB4bWxucz0iaHR0cDovL3d3dy53My5vcmcvMjAwMC9zdmciPjwvc3ZnPg==\" style=\"--smush-placeholder-width: 2000px; --smush-placeholder-aspect-ratio: 2000\/714;\" \/>                                    \n                    <\/div>\n\t\t\n        <div class=\"banner-layers container\">\n            <div class=\"fill banner-link\"><\/div>            \n   <div id=\"text-box-55265839\" class=\"text-box banner-layer x50 md-x50 lg-x50 y85 md-y85 lg-y85 res-text\">\n                                <div class=\"text-box-content text dark\">\n              \n              <div class=\"text-inner text-center\">\n                  \n<div class=\"row row-collapse\"  id=\"row-1383518793\">\n\n\t<div id=\"col-1666973778\" class=\"col small-9 large-12\"  >\n\t\t\t\t<div class=\"col-inner\"  >\n\t\t\t\n\t\t\t\n\t<div id=\"text-3283995400\" class=\"text custom-font-class hide-for-small\">\n\t\t\n<h3>V\u00e9hicules D\u00e9j\u00e0 Vendus<\/h3>\n\t\t\n<style>\n#text-3283995400 {\n  font-size: 1.5rem;\n  line-height: 1;\n}\n@media (min-width:550px) {\n  #text-3283995400 {\n    font-size: 1.75rem;\n  }\n}\n<\/style>\n\t<\/div>\n\t\n\t<div id=\"text-1912085794\" class=\"text custom-font-class show-for-small\">\n\t\t\n<h3>V\u00e9hicules D\u00e9j\u00e0 Vendus<\/h3>\n\t\t\n<style>\n#text-1912085794 {\n  font-size: 1rem;\n  line-height: 1;\n}\n@media (min-width:550px) {\n  #text-1912085794 {\n    font-size: 3rem;\n  }\n}\n<\/style>\n\t<\/div>\n\t\n\t\t<\/div>\n\t\t\t\t\t<\/div>\n\n\t\n<\/div>\n              <\/div>\n           <\/div>\n                            \n<style>\n#text-box-55265839 {\n  width: 100%;\n}\n#text-box-55265839 .text-box-content {\n  font-size: 100%;\n}\n@media (min-width:550px) {\n  #text-box-55265839 {\n    width: 100%;\n  }\n}\n<\/style>\n    <\/div>\n \n        <\/div>\n      <\/div>\n\n            \n<style>\n#banner-495424172 {\n  padding-top: 300px;\n}\n#banner-495424172 .banner-bg img {\n  object-position: 85% 100%;\n}\n@media (min-width:550px) {\n  #banner-495424172 {\n    padding-top: 600px;\n  }\n}\n<\/style>\n  <\/div>\n\n\n\n\t<section class=\"section\" id=\"section_1674053444\">\n\t\t<div class=\"section-bg fill\" >\n\t\t\t\t\t\t\t\t\t\n\t\t\t\n\n\t\t<\/div>\n\n\t\t\n\n\t\t<div class=\"section-content relative\">\n\t\t\t\n\t<div class=\"img has-hover x md-x lg-x y md-y lg-y\" id=\"image_505666994\">\n\t\t\t\t\t\t\t\t<div class=\"img-inner dark\" >\n\t\t\t<img decoding=\"async\" width=\"5460\" height=\"447\" data-src=\"https:\/\/automobilesetcetera.com\/wp-content\/uploads\/2024\/08\/design.png\" class=\"attachment-original size-original lazyload\" alt=\"\" data-srcset=\"https:\/\/automobilesetcetera.com\/wp-content\/uploads\/2024\/08\/design.png 5460w, https:\/\/automobilesetcetera.com\/wp-content\/uploads\/2024\/08\/design-600x49.png 600w, https:\/\/automobilesetcetera.com\/wp-content\/uploads\/2024\/08\/design-300x25.png 300w, https:\/\/automobilesetcetera.com\/wp-content\/uploads\/2024\/08\/design-768x63.png 768w, https:\/\/automobilesetcetera.com\/wp-content\/uploads\/2024\/08\/design-1024x84.png 1024w, https:\/\/automobilesetcetera.com\/wp-content\/uploads\/2024\/08\/design-1536x126.png 1536w, https:\/\/automobilesetcetera.com\/wp-content\/uploads\/2024\/08\/design-2048x168.png 2048w\" data-sizes=\"(max-width: 5460px) 100vw, 5460px\" src=\"data:image\/svg+xml;base64,PHN2ZyB3aWR0aD0iMSIgaGVpZ2h0PSIxIiB4bWxucz0iaHR0cDovL3d3dy53My5vcmcvMjAwMC9zdmciPjwvc3ZnPg==\" style=\"--smush-placeholder-width: 5460px; --smush-placeholder-aspect-ratio: 5460\/447;\" \/>\t\t\t\t\t\t\n\t\t\t\t\t<\/div>\n\t\t\t\t\t\t\t\t\n<style>\n#image_505666994 {\n  width: 100%;\n}\n<\/style>\n\t<\/div>\n\t\n\t<div id=\"gap-2081100332\" class=\"gap-element clearfix\" style=\"display:block; height:auto;\">\n\t\t\n<style>\n#gap-2081100332 {\n  padding-top: 60px;\n}\n@media (min-width:550px) {\n  #gap-2081100332 {\n    padding-top: 60px;\n  }\n}\n<\/style>\n\t<\/div>\n\t\n<div class=\"row\" style=\"max-width:1300px\" id=\"row-146362461\">\n\n\t<div id=\"col-1292732785\" class=\"col small-12 large-12\"  >\n\t\t\t\t<div class=\"col-inner\"  >\n\t\t\t\n\t\t\t\n\n    <div class=\"filter-options-header\">\n        <div>\n            <h1 class=\"car-grid-heading\">GRILLE DES VOITURES VENDUES<\/h1>\n        <\/div>\n        <div id=\"car-filter-options\"><\/div>\n    <\/div>\n    <div id=\"soldcar_grid\"><\/div>\n    <div id=\"pagination_soldcars\" class=\"pagination-cars\"><\/div>\n    \n\n\t\t<\/div>\n\t\t\t\t\t<\/div>\n\n\t\n<\/div>\n\t<div id=\"gap-637462278\" class=\"gap-element clearfix\" style=\"display:block; height:auto;\">\n\t\t\n<style>\n#gap-637462278 {\n  padding-top: 30px;\n}\n@media (min-width:550px) {\n  #gap-637462278 {\n    padding-top: 60px;\n  }\n}\n<\/style>\n\t<\/div>\n\t\n\t\t<\/div>\n\n\t\t\n<style>\n#section_1674053444 {\n  padding-top: 0px;\n  padding-bottom: 0px;\n}\n<\/style>\n\t<\/section>\n\t\n\n\t<section class=\"section\" id=\"section_142301239\">\n\t\t<div class=\"section-bg fill\" >\n\t\t\t\t\t\t\t\t\t\n\t\t\t\n\n\t\t<\/div>\n\n\t\t\n\n\t\t<div class=\"section-content relative\">\n\t\t\t\n\t<div id=\"gap-2023903076\" class=\"gap-element clearfix\" style=\"display:block; height:auto;\">\n\t\t\n<style>\n#gap-2023903076 {\n  padding-top: 30px;\n}\n@media (min-width:550px) {\n  #gap-2023903076 {\n    padding-top: 60px;\n  }\n}\n<\/style>\n\t<\/div>\n\t\n<div class=\"row align-middle\" style=\"max-width:1300px\" id=\"row-928325999\">\n\n\t<div id=\"col-458584651\" class=\"col medium-9 small-12 large-9\"  >\n\t\t\t\t<div class=\"col-inner text-center\"  >\n\t\t\t\n\t\t\t\n\t<div id=\"text-2909897424\" class=\"text custom-font-class\">\n\t\t\n<h3 class=\"uppercase\"><span style=\"font-family: termina;\">Bespoke leasing &amp; financing options available<\/span><\/h3>\n\t\t\n<style>\n#text-2909897424 {\n  font-size: 1.5rem;\n  line-height: 1;\n  text-align: center;\n  color: rgb(255,255,255);\n}\n#text-2909897424 > * {\n  color: rgb(255,255,255);\n}\n@media (min-width:550px) {\n  #text-2909897424 {\n    font-size: 2rem;\n    text-align: left;\n  }\n}\n<\/style>\n\t<\/div>\n\t\n\t\t<\/div>\n\t\t\t\t\n<style>\n#col-458584651 > .col-inner {\n  margin: 0px 0px 0px 0px;\n}\n<\/style>\n\t<\/div>\n\n\t\n\n\t<div id=\"col-1704292368\" class=\"col medium-3 small-12 large-3\"  >\n\t\t\t\t<div class=\"col-inner text-center\"  >\n\t\t\t\n\t\t\t\n<a href=\"https:\/\/automobilesetcetera.com\/fr\/contact\/\" class=\"button primary bitn-class\" >\n\t\t<span>Contactez-nous<\/span>\n\t<\/a>\n\n\t\t<\/div>\n\t\t\t\t\t<\/div>\n\n\t\n<\/div>\n\t<div id=\"gap-1232351604\" class=\"gap-element clearfix\" style=\"display:block; height:auto;\">\n\t\t\n<style>\n#gap-1232351604 {\n  padding-top: 30px;\n}\n@media (min-width:550px) {\n  #gap-1232351604 {\n    padding-top: 60px;\n  }\n}\n<\/style>\n\t<\/div>\n\t\n\t\t<\/div>\n\n\t\t\n<style>\n#section_142301239 {\n  padding-top: 0px;\n  padding-bottom: 0px;\n  background-color: rgb(0,0,0);\n}\n<\/style>\n\t<\/section>\n\t\n","protected":false},"excerpt":{"rendered":"","protected":false},"author":3,"featured_media":0,"parent":0,"menu_order":103,"comment_status":"closed","ping_status":"closed","template":"page-blank.php","meta":{"_acf_changed":false,"inline_featured_image":false,"footnotes":""},"page_category":[],"folder":[33],"class_list":["post-10164","page","type-page","status-publish","hentry"],"acf":[],"_links":{"self":[{"href":"https:\/\/automobilesetcetera.com\/fr\/wp-json\/wp\/v2\/pages\/10164","targetHints":{"allow":["GET"]}}],"collection":[{"href":"https:\/\/automobilesetcetera.com\/fr\/wp-json\/wp\/v2\/pages"}],"about":[{"href":"https:\/\/automobilesetcetera.com\/fr\/wp-json\/wp\/v2\/types\/page"}],"author":[{"embeddable":true,"href":"https:\/\/automobilesetcetera.com\/fr\/wp-json\/wp\/v2\/users\/3"}],"replies":[{"embeddable":true,"href":"https:\/\/automobilesetcetera.com\/fr\/wp-json\/wp\/v2\/comments?post=10164"}],"version-history":[{"count":5,"href":"https:\/\/automobilesetcetera.com\/fr\/wp-json\/wp\/v2\/pages\/10164\/revisions"}],"predecessor-version":[{"id":13244,"href":"https:\/\/automobilesetcetera.com\/fr\/wp-json\/wp\/v2\/pages\/10164\/revisions\/13244"}],"wp:attachment":[{"href":"https:\/\/automobilesetcetera.com\/fr\/wp-json\/wp\/v2\/media?parent=10164"}],"wp:term":[{"taxonomy":"page_category","embeddable":true,"href":"https:\/\/automobilesetcetera.com\/fr\/wp-json\/wp\/v2\/page_category?post=10164"},{"taxonomy":"folder","embeddable":true,"href":"https:\/\/automobilesetcetera.com\/fr\/wp-json\/wp\/v2\/folder?post=10164"}],"curies":[{"name":"wp","href":"https:\/\/api.w.org\/{rel}","templated":true}]}}