{"id":10158,"date":"2024-08-26T06:01:57","date_gmt":"2024-08-26T06:01:57","guid":{"rendered":"https:\/\/automobilesetcetera.com\/offered-for-sale\/"},"modified":"2024-11-25T09:34:40","modified_gmt":"2024-11-25T09:34:40","slug":"voitures-a-vendre","status":"publish","type":"page","link":"https:\/\/automobilesetcetera.com\/fr\/voitures-a-vendre\/","title":{"rendered":"Voitures \u00e0 vendre"},"content":{"rendered":"\n  <div class=\"banner has-hover\" id=\"banner-1486850321\">\n          <div class=\"banner-inner fill\">\n        <div class=\"banner-bg fill\" >\n            <img decoding=\"async\" width=\"2000\" height=\"714\" data-src=\"https:\/\/automobilesetcetera.com\/wp-content\/uploads\/2024\/08\/browse_cars.jpg\" class=\"bg attachment-original size-original lazyload\" alt=\"\" src=\"data:image\/svg+xml;base64,PHN2ZyB3aWR0aD0iMSIgaGVpZ2h0PSIxIiB4bWxucz0iaHR0cDovL3d3dy53My5vcmcvMjAwMC9zdmciPjwvc3ZnPg==\" style=\"--smush-placeholder-width: 2000px; --smush-placeholder-aspect-ratio: 2000\/714;\" \/>                                    \n                    <\/div>\n\t\t\n        <div class=\"banner-layers container\">\n            <div class=\"fill banner-link\"><\/div>            \n   <div id=\"text-box-761102325\" class=\"text-box banner-layer x50 md-x50 lg-x50 y85 md-y80 lg-y80 res-text\">\n                                <div class=\"text-box-content text dark\">\n              \n              <div class=\"text-inner text-center\">\n                  \n<div class=\"row row-collapse\"  id=\"row-1833104070\">\n\n\t<div id=\"col-302743917\" class=\"col small-9 large-12\"  >\n\t\t\t\t<div class=\"col-inner\"  >\n\t\t\t\n\t\t\t\n\t<div id=\"text-2592862441\" class=\"text custom-font-class hide-for-small\">\n\t\t\n<h3 class=\"uppercase\"><span style=\"font-family: termina;\">Voitures \u00e0 vendre <\/span><\/h3>\n\t\t\n<style>\n#text-2592862441 {\n  font-size: 1.5rem;\n  line-height: 1;\n}\n@media (min-width:550px) {\n  #text-2592862441 {\n    font-size: 1.75rem;\n  }\n}\n<\/style>\n\t<\/div>\n\t\n\t<div id=\"text-828137181\" class=\"text custom-font-class show-for-small\">\n\t\t\n<h3 class=\"uppercase\"><span style=\"font-family: termina;\">Voitures \u00e0 vendre <\/span><\/h3>\n\t\t\n<style>\n#text-828137181 {\n  font-size: 1rem;\n}\n@media (min-width:550px) {\n  #text-828137181 {\n    font-size: 3rem;\n  }\n}\n<\/style>\n\t<\/div>\n\t\n\t\t<\/div>\n\t\t\t\t\t<\/div>\n\n\t\n<\/div>\n              <\/div>\n           <\/div>\n                            \n<style>\n#text-box-761102325 {\n  width: 100%;\n}\n#text-box-761102325 .text-box-content {\n  font-size: 100%;\n}\n@media (min-width:550px) {\n  #text-box-761102325 {\n    width: 100%;\n  }\n}\n<\/style>\n    <\/div>\n \n        <\/div>\n      <\/div>\n\n            \n<style>\n#banner-1486850321 {\n  padding-top: 300px;\n}\n#banner-1486850321 .banner-bg img {\n  object-position: 85% 100%;\n}\n@media (min-width:550px) {\n  #banner-1486850321 {\n    padding-top: 600px;\n  }\n}\n<\/style>\n  <\/div>\n\n\n\n\t<section class=\"section\" id=\"section_639791385\">\n\t\t<div class=\"section-bg fill\" >\n\t\t\t\t\t\t\t\t\t\n\t\t\t\n\n\t\t<\/div>\n\n\t\t\n\n\t\t<div class=\"section-content relative\">\n\t\t\t\n\t<div class=\"img has-hover x md-x lg-x y md-y lg-y\" id=\"image_1186399995\">\n\t\t\t\t\t\t\t\t<div class=\"img-inner dark\" >\n\t\t\t<img decoding=\"async\" width=\"5460\" height=\"447\" data-src=\"https:\/\/automobilesetcetera.com\/wp-content\/uploads\/2024\/08\/design.png\" class=\"attachment-original size-original lazyload\" alt=\"\" data-srcset=\"https:\/\/automobilesetcetera.com\/wp-content\/uploads\/2024\/08\/design.png 5460w, https:\/\/automobilesetcetera.com\/wp-content\/uploads\/2024\/08\/design-600x49.png 600w, https:\/\/automobilesetcetera.com\/wp-content\/uploads\/2024\/08\/design-300x25.png 300w, https:\/\/automobilesetcetera.com\/wp-content\/uploads\/2024\/08\/design-768x63.png 768w, https:\/\/automobilesetcetera.com\/wp-content\/uploads\/2024\/08\/design-1024x84.png 1024w, https:\/\/automobilesetcetera.com\/wp-content\/uploads\/2024\/08\/design-1536x126.png 1536w, https:\/\/automobilesetcetera.com\/wp-content\/uploads\/2024\/08\/design-2048x168.png 2048w\" data-sizes=\"(max-width: 5460px) 100vw, 5460px\" src=\"data:image\/svg+xml;base64,PHN2ZyB3aWR0aD0iMSIgaGVpZ2h0PSIxIiB4bWxucz0iaHR0cDovL3d3dy53My5vcmcvMjAwMC9zdmciPjwvc3ZnPg==\" style=\"--smush-placeholder-width: 5460px; --smush-placeholder-aspect-ratio: 5460\/447;\" \/>\t\t\t\t\t\t\n\t\t\t\t\t<\/div>\n\t\t\t\t\t\t\t\t\n<style>\n#image_1186399995 {\n  width: 100%;\n}\n<\/style>\n\t<\/div>\n\t\n\t<div id=\"gap-1808275863\" class=\"gap-element clearfix\" style=\"display:block; height:auto;\">\n\t\t\n<style>\n#gap-1808275863 {\n  padding-top: 30px;\n}\n@media (min-width:550px) {\n  #gap-1808275863 {\n    padding-top: 30px;\n  }\n}\n<\/style>\n\t<\/div>\n\t\n<div class=\"row row-collapse align-center\" style=\"max-width:1300px\" id=\"row-1802361228\">\n\n\t<div id=\"col-2063256343\" class=\"col small-12 large-12\"  >\n\t\t\t\t<div class=\"col-inner\"  >\n\t\t\t\n\t\t\t\n\t<div id=\"text-2751515248\" class=\"text custom-font-class\">\n\t\t\n<h3 class=\"uppercase\"><span style=\"font-family: termina;\">V\u00e9hicules vedettes <\/span><\/h3>\n\t\t\n<style>\n#text-2751515248 {\n  font-size: 1.5rem;\n  line-height: 1;\n  text-align: center;\n}\n@media (min-width:550px) {\n  #text-2751515248 {\n    font-size: 2rem;\n  }\n}\n<\/style>\n\t<\/div>\n\t\n\t\t<\/div>\n\t\t\t\t\n<style>\n#col-2063256343 > .col-inner {\n  margin: 0px 0px 20px 0px;\n}\n<\/style>\n\t<\/div>\n\n\t\n<\/div>\n<div class=\"row\" style=\"max-width:1300px\" id=\"row-1259960064\">\n\n\t<div id=\"col-890812296\" class=\"col small-12 large-12\"  >\n\t\t\t\t<div class=\"col-inner\"  >\n\t\t\t\n\t\t\t\n\n    <div class=\"car-logos-container\">\n        <div class=\"car-logo logo-all\" data-category=\"all\">\n                            <img decoding=\"async\" data-src=\"https:\/\/automobilesetcetera.com\/wp-content\/uploads\/2024\/10\/vall.png\" alt=\"Toutes les voitures\" src=\"data:image\/svg+xml;base64,PHN2ZyB3aWR0aD0iMSIgaGVpZ2h0PSIxIiB4bWxucz0iaHR0cDovL3d3dy53My5vcmcvMjAwMC9zdmciPjwvc3ZnPg==\" class=\"lazyload\" style=\"--smush-placeholder-width: 280px; --smush-placeholder-aspect-ratio: 280\/55;\">\n                    <\/div>\n        <div class=\"car-logo logo-porsche\" data-category=\"porsche\"><img decoding=\"async\" data-src=\"https:\/\/automobilesetcetera.com\/wp-content\/uploads\/2024\/08\/porsche1.png\" alt=\"Porsche\" src=\"data:image\/svg+xml;base64,PHN2ZyB3aWR0aD0iMSIgaGVpZ2h0PSIxIiB4bWxucz0iaHR0cDovL3d3dy53My5vcmcvMjAwMC9zdmciPjwvc3ZnPg==\" class=\"lazyload\" style=\"--smush-placeholder-width: 358px; --smush-placeholder-aspect-ratio: 358\/32;\"><\/div>\n        <div class=\"car-logo logo-bugatti\" data-category=\"bugatti\"><img decoding=\"async\" data-src=\"https:\/\/automobilesetcetera.com\/wp-content\/uploads\/2024\/08\/Bugatti_logo.png\" alt=\"Bugatti\" src=\"data:image\/svg+xml;base64,PHN2ZyB3aWR0aD0iMSIgaGVpZ2h0PSIxIiB4bWxucz0iaHR0cDovL3d3dy53My5vcmcvMjAwMC9zdmciPjwvc3ZnPg==\" class=\"lazyload\" style=\"--smush-placeholder-width: 198px; --smush-placeholder-aspect-ratio: 198\/94;\"><\/div>\n        <div class=\"car-logo logo-singer\" data-category=\"singer\"><img decoding=\"async\" data-src=\"https:\/\/automobilesetcetera.com\/wp-content\/uploads\/2024\/08\/singer-logo.png\" alt=\"Singer\" src=\"data:image\/svg+xml;base64,PHN2ZyB3aWR0aD0iMSIgaGVpZ2h0PSIxIiB4bWxucz0iaHR0cDovL3d3dy53My5vcmcvMjAwMC9zdmciPjwvc3ZnPg==\" class=\"lazyload\" style=\"--smush-placeholder-width: 260px; --smush-placeholder-aspect-ratio: 260\/86;\"><\/div>\n        <div class=\"car-logo logo-lamborghini\" data-category=\"lamborghini\"><img decoding=\"async\" data-src=\"https:\/\/automobilesetcetera.com\/wp-content\/uploads\/2024\/08\/lamborghini.png\" alt=\"Lamborghini\" src=\"data:image\/svg+xml;base64,PHN2ZyB3aWR0aD0iMSIgaGVpZ2h0PSIxIiB4bWxucz0iaHR0cDovL3d3dy53My5vcmcvMjAwMC9zdmciPjwvc3ZnPg==\" class=\"lazyload\" style=\"--smush-placeholder-width: 304px; --smush-placeholder-aspect-ratio: 304\/80;\"><\/div>\n        <div class=\"car-logo logo-ferrari\" data-category=\"ferrari\"><img decoding=\"async\" data-src=\"https:\/\/automobilesetcetera.com\/wp-content\/uploads\/2024\/08\/ferrari.png\" alt=\"Ferrari\" src=\"data:image\/svg+xml;base64,PHN2ZyB3aWR0aD0iMSIgaGVpZ2h0PSIxIiB4bWxucz0iaHR0cDovL3d3dy53My5vcmcvMjAwMC9zdmciPjwvc3ZnPg==\" class=\"lazyload\" style=\"--smush-placeholder-width: 222px; --smush-placeholder-aspect-ratio: 222\/58;\"><\/div>\n        <div class=\"car-logo logo-mercedes\" data-category=\"mercedes-benz\"><img decoding=\"async\" data-src=\"https:\/\/automobilesetcetera.com\/wp-content\/uploads\/2024\/08\/Mercedes-Logo.png\" alt=\"Mercedes\" src=\"data:image\/svg+xml;base64,PHN2ZyB3aWR0aD0iMSIgaGVpZ2h0PSIxIiB4bWxucz0iaHR0cDovL3d3dy53My5vcmcvMjAwMC9zdmciPjwvc3ZnPg==\" class=\"lazyload\" style=\"--smush-placeholder-width: 92px; --smush-placeholder-aspect-ratio: 92\/92;\"><\/div>\n        <div class=\"car-logo logo-mclaren\" data-category=\"mclaren\"><img decoding=\"async\" data-src=\"https:\/\/automobilesetcetera.com\/wp-content\/uploads\/2024\/08\/mclaren-1.png\" alt=\"McLaren\" src=\"data:image\/svg+xml;base64,PHN2ZyB3aWR0aD0iMSIgaGVpZ2h0PSIxIiB4bWxucz0iaHR0cDovL3d3dy53My5vcmcvMjAwMC9zdmciPjwvc3ZnPg==\" class=\"lazyload\" style=\"--smush-placeholder-width: 318px; --smush-placeholder-aspect-ratio: 318\/54;\"><\/div>\n        <div class=\"car-logo logo-audi\" data-category=\"audi\"><img decoding=\"async\" data-src=\"https:\/\/automobilesetcetera.com\/wp-content\/uploads\/2024\/08\/audi-car-logo.png\" alt=\"Audi\" src=\"data:image\/svg+xml;base64,PHN2ZyB3aWR0aD0iMSIgaGVpZ2h0PSIxIiB4bWxucz0iaHR0cDovL3d3dy53My5vcmcvMjAwMC9zdmciPjwvc3ZnPg==\" class=\"lazyload\" style=\"--smush-placeholder-width: 208px; --smush-placeholder-aspect-ratio: 208\/74;\"><\/div>\n        <div class=\"car-logo logo-aston_martin\" data-category=\"aston-martin\"><img decoding=\"async\" data-src=\"https:\/\/automobilesetcetera.com\/wp-content\/uploads\/2024\/08\/aston-martin.png\" alt=\"Aston Martin\" src=\"data:image\/svg+xml;base64,PHN2ZyB3aWR0aD0iMSIgaGVpZ2h0PSIxIiB4bWxucz0iaHR0cDovL3d3dy53My5vcmcvMjAwMC9zdmciPjwvc3ZnPg==\" class=\"lazyload\" style=\"--smush-placeholder-width: 292px; --smush-placeholder-aspect-ratio: 292\/84;\"><\/div>\n        <div class=\"car-logo logo-land_rover\" data-category=\"land-rover\"><img decoding=\"async\" data-src=\"https:\/\/automobilesetcetera.com\/wp-content\/uploads\/2024\/08\/land-rover.png\" alt=\"Land Rover\" src=\"data:image\/svg+xml;base64,PHN2ZyB3aWR0aD0iMSIgaGVpZ2h0PSIxIiB4bWxucz0iaHR0cDovL3d3dy53My5vcmcvMjAwMC9zdmciPjwvc3ZnPg==\" class=\"lazyload\" style=\"--smush-placeholder-width: 192px; --smush-placeholder-aspect-ratio: 192\/100;\"><\/div>\n        <div class=\"car-logo logo-bentley\" data-category=\"bentley\"><img decoding=\"async\" data-src=\"https:\/\/automobilesetcetera.com\/wp-content\/uploads\/2024\/08\/Bentley-Logo.png\" alt=\"Bentley\" src=\"data:image\/svg+xml;base64,PHN2ZyB3aWR0aD0iMSIgaGVpZ2h0PSIxIiB4bWxucz0iaHR0cDovL3d3dy53My5vcmcvMjAwMC9zdmciPjwvc3ZnPg==\" class=\"lazyload\" style=\"--smush-placeholder-width: 220px; --smush-placeholder-aspect-ratio: 220\/76;\"><\/div>\n        <div class=\"car-logo logo-rolls_royce\" data-category=\"rolls-royce\"><img decoding=\"async\" data-src=\"https:\/\/automobilesetcetera.com\/wp-content\/uploads\/2024\/08\/rolls_royce_logo.png\" alt=\"Rolls Royce\" src=\"data:image\/svg+xml;base64,PHN2ZyB3aWR0aD0iMSIgaGVpZ2h0PSIxIiB4bWxucz0iaHR0cDovL3d3dy53My5vcmcvMjAwMC9zdmciPjwvc3ZnPg==\" class=\"lazyload\" style=\"--smush-placeholder-width: 56px; --smush-placeholder-aspect-ratio: 56\/92;\"><\/div>\n        <div class=\"car-logo logo-unique_brands\" data-category=\"other-unique-brands\">\n                            <img decoding=\"async\" data-src=\"https:\/\/automobilesetcetera.com\/wp-content\/uploads\/2024\/10\/ub.png\" alt=\"Marques Uniques\" src=\"data:image\/svg+xml;base64,PHN2ZyB3aWR0aD0iMSIgaGVpZ2h0PSIxIiB4bWxucz0iaHR0cDovL3d3dy53My5vcmcvMjAwMC9zdmciPjwvc3ZnPg==\" class=\"lazyload\" style=\"--smush-placeholder-width: 297px; --smush-placeholder-aspect-ratio: 297\/55;\">\n                    <\/div>\n    <\/div>\n    \n\n\t\t<\/div>\n\t\t\t\t\t<\/div>\n\n\t\n<\/div>\n\t<div id=\"gap-621115438\" class=\"gap-element clearfix\" style=\"display:block; height:auto;\">\n\t\t\n<style>\n#gap-621115438 {\n  padding-top: 60px;\n}\n@media (min-width:550px) {\n  #gap-621115438 {\n    padding-top: 60px;\n  }\n}\n<\/style>\n\t<\/div>\n\t\n<div class=\"text-center\"><div class=\"is-divider divider clearfix\" style=\"max-width:80%;height:1px;background-color:rgb(220, 220, 220);\"><\/div><\/div>\n<div class=\"row\" style=\"max-width:1300px\" id=\"row-775826214\">\n\n\t<div id=\"col-1134499166\" class=\"col small-12 large-12\"  >\n\t\t\t\t<div class=\"col-inner\"  >\n\t\t\t\n\t\t\t\n\n    <div class=\"filter-options-header\">\n        <div>\n            <h1 class=\"car-grid-heading\">VOITURES DISPONIBLES<\/h1>\n        <\/div>\n        <div id=\"car-filter-options\">\n            <div class=\"sort-option\">\n                <select id=\"sort-all\" data-sort=\"all\">\n                    <option disabled selected>Trier par<\/option>\n                    <option value=\"price_asc\">Prix : Du plus bas au plus \u00e9lev\u00e9<\/option>\n                    <option value=\"price_desc\">Prix : Du plus \u00e9lev\u00e9 au plus bas<\/option>\n                    <option value=\"year_desc\">Ann\u00e9e : De la plus r\u00e9cente \u00e0 la plus ancienne<\/option>\n                    <option value=\"year_asc\">Ann\u00e9e : De la plus ancienne \u00e0 la plus r\u00e9cente<\/option>\n                <\/select>\n            <\/div>\n        <\/div>\n    <\/div>\n    <div id=\"car-grid\"><\/div>\n    <div id=\"pagination2\" class=\"pagination-cars\"><\/div>\n    \n\n\t\t<\/div>\n\t\t\t\t\t<\/div>\n\n\t\n<\/div>\n\t\t<\/div>\n\n\t\t\n<style>\n#section_639791385 {\n  padding-top: 0px;\n  padding-bottom: 0px;\n}\n<\/style>\n\t<\/section>\n\t\n\n\t<section class=\"section\" id=\"section_983635475\">\n\t\t<div class=\"section-bg fill\" >\n\t\t\t\t\t\t\t\t\t\n\t\t\t\n\n\t\t<\/div>\n\n\t\t\n\n\t\t<div class=\"section-content relative\">\n\t\t\t\n\t<div id=\"gap-272166812\" class=\"gap-element clearfix\" style=\"display:block; height:auto;\">\n\t\t\n<style>\n#gap-272166812 {\n  padding-top: 30px;\n}\n@media (min-width:550px) {\n  #gap-272166812 {\n    padding-top: 60px;\n  }\n}\n<\/style>\n\t<\/div>\n\t\n<div class=\"row align-middle\" style=\"max-width:1300px\" id=\"row-494096853\">\n\n\t<div id=\"col-772255403\" class=\"col medium-8 small-12 large-8\"  >\n\t\t\t\t<div class=\"col-inner text-center\"  >\n\t\t\t\n\t\t\t\n\t<div id=\"text-3998291171\" class=\"text custom-font-class\">\n\t\t\n<h3 class=\"uppercase\"><span style=\"font-family: termina;\">Options de location et de financement sur mesure disponibles <\/span><\/h3>\n\t\t\n<style>\n#text-3998291171 {\n  font-size: 1.5rem;\n  line-height: 1;\n  text-align: center;\n  color: rgb(255,255,255);\n}\n#text-3998291171 > * {\n  color: rgb(255,255,255);\n}\n@media (min-width:550px) {\n  #text-3998291171 {\n    font-size: 2rem;\n    text-align: left;\n  }\n}\n<\/style>\n\t<\/div>\n\t\n\t\t<\/div>\n\t\t\t\t\n<style>\n#col-772255403 > .col-inner {\n  margin: 0px 0px 0px 0px;\n}\n<\/style>\n\t<\/div>\n\n\t\n\n\t<div id=\"col-1268544826\" class=\"col medium-4 small-12 large-4\"  >\n\t\t\t\t<div class=\"col-inner text-center\"  >\n\t\t\t\n\t\t\t\n<a href=\"https:\/\/automobilesetcetera.com\/contact\/\" class=\"button primary bitn-class\" >\n\t\t<span>Contactez-nous<\/span>\n\t<\/a>\n\n\t\t<\/div>\n\t\t\t\t\t<\/div>\n\n\t\n<\/div>\n\t<div id=\"gap-1413717230\" class=\"gap-element clearfix\" style=\"display:block; height:auto;\">\n\t\t\n<style>\n#gap-1413717230 {\n  padding-top: 30px;\n}\n@media (min-width:550px) {\n  #gap-1413717230 {\n    padding-top: 60px;\n  }\n}\n<\/style>\n\t<\/div>\n\t\n\t\t<\/div>\n\n\t\t\n<style>\n#section_983635475 {\n  padding-top: 0px;\n  padding-bottom: 0px;\n  background-color: rgb(0,0,0);\n}\n<\/style>\n\t<\/section>\n\t\n\n\t<section class=\"section\" id=\"section_1879597322\">\n\t\t<div class=\"section-bg fill\" >\n\t\t\t\t\t\t\t\t\t\n\t\t\t\n\n\t\t<\/div>\n\n\t\t\n\n\t\t<div class=\"section-content relative\">\n\t\t\t\n\t<div id=\"gap-586689810\" class=\"gap-element clearfix\" style=\"display:block; height:auto;\">\n\t\t\n<style>\n#gap-586689810 {\n  padding-top: 30px;\n}\n@media (min-width:550px) {\n  #gap-586689810 {\n    padding-top: 90px;\n  }\n}\n<\/style>\n\t<\/div>\n\t\n<div class=\"row align-center\" style=\"max-width:1300px\" id=\"row-1334705861\">\n\n\t<div id=\"col-1326980480\" class=\"col small-12 large-12\"  >\n\t\t\t\t<div class=\"col-inner\"  >\n\t\t\t\n\t\t\t\n\t<div id=\"text-1211168336\" class=\"text custom-font-class\">\n\t\t\n<h3 class=\"uppercase\"><span style=\"font-family: termina;\">Abonnez-vous \u00e0 notre newsletter <\/span><\/h3>\n\t\t\n<style>\n#text-1211168336 {\n  font-size: 1.5rem;\n  line-height: 1;\n  text-align: center;\n}\n@media (min-width:550px) {\n  #text-1211168336 {\n    font-size: 2rem;\n    text-align: center;\n  }\n}\n<\/style>\n\t<\/div>\n\t\n\t\t<\/div>\n\t\t\t\t\t<\/div>\n\n\t\n\n\t<div id=\"col-227040784\" class=\"col medium-7 small-12 large-7\"  >\n\t\t\t\t<div class=\"col-inner\"  >\n\t\t\t\n\t\t\t\n\t<div id=\"text-3697713313\" class=\"text\">\n\t\t\n<p>Alimentez votre passion pour les voitures avec notre newsletter. Obtenez un acc\u00e8s exclusif aux coulisses, les derni\u00e8res nouvelles, et devenez un initi\u00e9\u2014tout cela directement dans votre bo\u00eete de r\u00e9ception. Cliquez sur s&rsquo;abonner et gardez votre moteur en marche !<br \/>\n\t\t\n<style>\n#text-3697713313 {\n  text-align: center;\n}\n<\/style>\n\t<\/div>\n\t\n\t\t<\/div>\n\t\t\t\t\t<\/div>\n\n\t\n\n\t<div id=\"col-1777032121\" class=\"col medium-9 small-12 large-9\"  >\n\t\t\t\t<div class=\"col-inner\"  >\n\t\t\t\n\t\t\t\n\n<div class=\"wpcf7 no-js\" id=\"wpcf7-f11253-o1\" lang=\"fr-FR\" dir=\"ltr\" data-wpcf7-id=\"11253\">\n<div class=\"screen-reader-response\"><p role=\"status\" aria-live=\"polite\" aria-atomic=\"true\"><\/p> <ul><\/ul><\/div>\n<form action=\"\/fr\/wp-json\/wp\/v2\/pages\/10158#wpcf7-f11253-o1\" method=\"post\" class=\"wpcf7-form init\" aria-label=\"Formulaire de contact\" novalidate=\"novalidate\" data-status=\"init\">\n<fieldset class=\"hidden-fields-container\"><input type=\"hidden\" name=\"_wpcf7\" value=\"11253\" \/><input type=\"hidden\" name=\"_wpcf7_version\" value=\"6.1.5\" \/><input type=\"hidden\" name=\"_wpcf7_locale\" value=\"fr_FR\" \/><input type=\"hidden\" name=\"_wpcf7_unit_tag\" value=\"wpcf7-f11253-o1\" \/><input type=\"hidden\" name=\"_wpcf7_container_post\" value=\"0\" \/><input type=\"hidden\" name=\"_wpcf7_posted_data_hash\" value=\"\" \/><input type=\"hidden\" name=\"_wpcf7_recaptcha_response\" value=\"\" \/>\n<\/fieldset>\n<div class=\"uacf7-form-wrapper-container uacf7-form-11253  \"><div class=\"custom-subscribe-form\">\n    <span class=\"wpcf7-form-control-wrap\" data-name=\"full-name\"><input size=\"40\" maxlength=\"400\" class=\"wpcf7-form-control wpcf7-text wpcf7-validates-as-required\" aria-required=\"true\" aria-invalid=\"false\" placeholder=\"Nom complet\" value=\"\" type=\"text\" name=\"full-name\" \/><\/span>\n    <span class=\"wpcf7-form-control-wrap\" data-name=\"email-address\"><input size=\"40\" maxlength=\"400\" class=\"wpcf7-form-control wpcf7-email wpcf7-validates-as-required wpcf7-text wpcf7-validates-as-email\" aria-required=\"true\" aria-invalid=\"false\" placeholder=\"Adresse courriel\" value=\"\" type=\"email\" name=\"email-address\" \/><\/span>\n    <input class=\"wpcf7-form-control wpcf7-submit has-spinner\" type=\"submit\" value=\"ABONNEZ-VOUS MAINTENANT\" \/>\n<\/div><\/div><input type='hidden' class='wpcf7-pum' value='{\"closepopup\":false,\"closedelay\":0,\"openpopup\":false,\"openpopup_id\":0}' \/><div class=\"wpcf7-response-output\" aria-hidden=\"true\"><\/div>\n<\/form>\n<\/div>\n\n\t\t<\/div>\n\t\t\t\t\t<\/div>\n\n\t\n<\/div>\n\t<div id=\"gap-766612389\" class=\"gap-element clearfix\" style=\"display:block; height:auto;\">\n\t\t\n<style>\n#gap-766612389 {\n  padding-top: 30px;\n}\n@media (min-width:550px) {\n  #gap-766612389 {\n    padding-top: 60px;\n  }\n}\n<\/style>\n\t<\/div>\n\t\n\t\t<\/div>\n\n\t\t\n<style>\n#section_1879597322 {\n  padding-top: 0px;\n  padding-bottom: 0px;\n  background-color: rgb(242, 242, 242);\n}\n<\/style>\n\t<\/section>\n\t\n","protected":false},"excerpt":{"rendered":"","protected":false},"author":3,"featured_media":0,"parent":0,"menu_order":102,"comment_status":"closed","ping_status":"closed","template":"page-blank.php","meta":{"_acf_changed":false,"inline_featured_image":false,"footnotes":""},"page_category":[],"folder":[33],"class_list":["post-10158","page","type-page","status-publish","hentry"],"acf":[],"_links":{"self":[{"href":"https:\/\/automobilesetcetera.com\/fr\/wp-json\/wp\/v2\/pages\/10158","targetHints":{"allow":["GET"]}}],"collection":[{"href":"https:\/\/automobilesetcetera.com\/fr\/wp-json\/wp\/v2\/pages"}],"about":[{"href":"https:\/\/automobilesetcetera.com\/fr\/wp-json\/wp\/v2\/types\/page"}],"author":[{"embeddable":true,"href":"https:\/\/automobilesetcetera.com\/fr\/wp-json\/wp\/v2\/users\/3"}],"replies":[{"embeddable":true,"href":"https:\/\/automobilesetcetera.com\/fr\/wp-json\/wp\/v2\/comments?post=10158"}],"version-history":[{"count":5,"href":"https:\/\/automobilesetcetera.com\/fr\/wp-json\/wp\/v2\/pages\/10158\/revisions"}],"predecessor-version":[{"id":12312,"href":"https:\/\/automobilesetcetera.com\/fr\/wp-json\/wp\/v2\/pages\/10158\/revisions\/12312"}],"wp:attachment":[{"href":"https:\/\/automobilesetcetera.com\/fr\/wp-json\/wp\/v2\/media?parent=10158"}],"wp:term":[{"taxonomy":"page_category","embeddable":true,"href":"https:\/\/automobilesetcetera.com\/fr\/wp-json\/wp\/v2\/page_category?post=10158"},{"taxonomy":"folder","embeddable":true,"href":"https:\/\/automobilesetcetera.com\/fr\/wp-json\/wp\/v2\/folder?post=10158"}],"curies":[{"name":"wp","href":"https:\/\/api.w.org\/{rel}","templated":true}]}}